{"id":13231,"date":"2021-08-29T05:21:56","date_gmt":"2021-08-29T11:21:56","guid":{"rendered":"https:\/\/www.pia-institute.com\/politica-de-privacidad\/"},"modified":"2025-07-29T09:41:29","modified_gmt":"2025-07-29T15:41:29","slug":"politica-de-privacidad","status":"publish","type":"page","link":"https:\/\/www.pia-institute.com\/es\/politica-de-privacidad\/","title":{"rendered":"Pol\u00edtica de Privacidad"},"content":{"rendered":"<style>#kt-layout-id_253d5c-ba > .kt-row-column-wrap{align-content:start;}:where(#kt-layout-id_253d5c-ba > .kt-row-column-wrap) > .wp-block-kadence-column{justify-content:start;}#kt-layout-id_253d5c-ba > .kt-row-column-wrap{column-gap:var(--global-kb-gap-md, 2rem);row-gap:var(--global-kb-gap-md, 2rem);padding-top:var( --global-kb-row-default-top, 25px );padding-bottom:var( --global-kb-row-default-bottom, 25px );padding-top:0%;padding-bottom:5%;padding-left:15%;padding-right:15%;grid-template-columns:minmax(0, 1fr);}#kt-layout-id_253d5c-ba > .kt-row-layout-overlay{opacity:0.30;}@media all and (max-width: 1024px){#kt-layout-id_253d5c-ba > .kt-row-column-wrap{padding-top:0%;padding-right:10%;padding-bottom:5%;padding-left:10%;grid-template-columns:minmax(0, 1fr);}}@media all and (max-width: 767px){#kt-layout-id_253d5c-ba > .kt-row-column-wrap{padding-top:5%;padding-bottom:5%;padding-left:5%;padding-right:5%;grid-template-columns:minmax(0, 1fr);}}<\/style>\n<div class=\"wp-block-kadence-rowlayout alignnone\"><div id=\"kt-layout-id_253d5c-ba\" class=\"kt-row-layout-inner kt-layout-id_253d5c-ba\"><div class=\"kt-row-column-wrap kt-has-1-columns kt-gutter-default kt-v-gutter-default kt-row-valign-top kt-row-layout-equal kt-tab-layout-inherit kt-m-colapse-left-to-right kt-mobile-layout-row\"><style>.kadence-column_1dcfa5-f8 > .kt-inside-inner-col{border-top-width:0px;border-right-width:0px;border-bottom-width:0px;border-left-width:0px;}.kadence-column_1dcfa5-f8 > .kt-inside-inner-col,.kadence-column_1dcfa5-f8 > .kt-inside-inner-col:before{border-top-left-radius:0px;border-top-right-radius:0px;border-bottom-right-radius:0px;border-bottom-left-radius:0px;}.kadence-column_1dcfa5-f8 > .kt-inside-inner-col{column-gap:var(--global-kb-gap-sm, 1rem);}.kadence-column_1dcfa5-f8 > .kt-inside-inner-col{flex-direction:column;}.kadence-column_1dcfa5-f8 > .kt-inside-inner-col > .aligncenter{width:100%;}.kadence-column_1dcfa5-f8 > .kt-inside-inner-col:before{opacity:0.3;}.kadence-column_1dcfa5-f8{position:relative;}@media all and (max-width: 1024px){.kadence-column_1dcfa5-f8 > .kt-inside-inner-col{flex-direction:column;justify-content:center;}}@media all and (max-width: 767px){.kadence-column_1dcfa5-f8 > .kt-inside-inner-col{flex-direction:column;justify-content:center;}}<\/style>\n<div class=\"wp-block-kadence-column inner-column-1 kadence-column_1dcfa5-f8\"><div class=\"kt-inside-inner-col\"><style>.wp-block-kadence-advancedheading.kt-adv-heading_17fbe0-37, .wp-block-kadence-advancedheading.kt-adv-heading_17fbe0-37[data-kb-block=\"kb-adv-heading_17fbe0-37\"]{padding-bottom:20px;font-size:36px;font-weight:700;font-style:normal;font-family:Inter;}.wp-block-kadence-advancedheading.kt-adv-heading_17fbe0-37 mark.kt-highlight, .wp-block-kadence-advancedheading.kt-adv-heading_17fbe0-37[data-kb-block=\"kb-adv-heading_17fbe0-37\"] mark.kt-highlight{font-style:normal;color:#f76a0c;-webkit-box-decoration-break:clone;box-decoration-break:clone;padding-top:0px;padding-right:0px;padding-bottom:0px;padding-left:0px;}.wp-block-kadence-advancedheading.kt-adv-heading_17fbe0-37 img.kb-inline-image, .wp-block-kadence-advancedheading.kt-adv-heading_17fbe0-37[data-kb-block=\"kb-adv-heading_17fbe0-37\"] img.kb-inline-image{width:150px;vertical-align:baseline;}@media all and (max-width: 1024px){.wp-block-kadence-advancedheading.kt-adv-heading_17fbe0-37, .wp-block-kadence-advancedheading.kt-adv-heading_17fbe0-37[data-kb-block=\"kb-adv-heading_17fbe0-37\"]{padding-bottom:20px;font-size:36px;}}@media all and (max-width: 767px){.wp-block-kadence-advancedheading.kt-adv-heading_17fbe0-37, .wp-block-kadence-advancedheading.kt-adv-heading_17fbe0-37[data-kb-block=\"kb-adv-heading_17fbe0-37\"]{padding-bottom:20px;font-size:32px;text-align:left!important;}}<\/style>\n<h2 class=\"kt-adv-heading_17fbe0-37 wp-block-kadence-advancedheading\" data-kb-block=\"kb-adv-heading_17fbe0-37\">Pol\u00edtica de Privacidad<\/h2>\n\n\n\n<p>En PIA, accesible desde https:\/\/www.pia-institute.com\/, una de nuestras principales prioridades es la privacidad de nuestros visitantes. Este documento de Pol\u00edtica de Privacidad contiene los tipos de informaci\u00f3n que recoge y registra PIA y c\u00f3mo la utilizamos.<\/p>\n\n\n\n<p>Si tienes m\u00e1s preguntas o necesitas m\u00e1s informaci\u00f3n sobre nuestra Pol\u00edtica de Privacidad, no dudes en ponerte en contacto con nosotros.<\/p>\n\n\n\n<p>Esta Pol\u00edtica de Privacidad se aplica \u00fanicamente a nuestras actividades en l\u00ednea y es v\u00e1lida para los visitantes de nuestro sitio web en lo que respecta a la informaci\u00f3n que compartieron y\/o recopilaron en PIA. Esta pol\u00edtica no es aplicable a ninguna informaci\u00f3n recogida fuera de l\u00ednea o a trav\u00e9s de canales distintos de este sitio web. Nuestra Pol\u00edtica de Privacidad fue creada con la ayuda del <a href=\"https:\/\/www.privacypolicygenerator.info\" rel=\"nofollow noopener\" target=\"_blank\">Generador gratuito de Pol\u00edticas de Privacidad<\/a>.<\/p>\n\n\n\n<h2 class=\"wp-block-heading\">Consentimiento<\/h2>\n\n\n\n<p>Al utilizar nuestro sitio web, aceptas nuestra Pol\u00edtica de privacidad y est\u00e1s de acuerdo con sus t\u00e9rminos.<\/p>\n\n\n\n<h2 class=\"wp-block-heading\">Informaci\u00f3n que recogemos<\/h2>\n\n\n\n<p>La informaci\u00f3n personal que se te pide que proporciones, y las razones por las que se te pide que la proporciones, se te aclarar\u00e1n en el momento en que te pidamos que proporciones tu informaci\u00f3n personal.<\/p>\n\n\n\n<p>Si te pones en contacto con nosotros directamente, podemos recibir informaci\u00f3n adicional sobre ti, como tu nombre, direcci\u00f3n de correo electr\u00f3nico, n\u00famero de tel\u00e9fono, el contenido del mensaje y\/o los archivos adjuntos que nos env\u00edes, y cualquier otra informaci\u00f3n que decidas proporcionarnos.<\/p>\n\n\n\n<p>Cuando te registras en una Cuenta, podemos pedirte tu informaci\u00f3n de contacto, incluyendo elementos como nombre, nombre de la empresa, direcci\u00f3n, direcci\u00f3n de correo electr\u00f3nico y n\u00famero de tel\u00e9fono.<\/p>\n\n\n\n<h2 class=\"wp-block-heading\">C\u00f3mo utilizamos tu informaci\u00f3n<\/h2>\n\n\n\n<p>Utilizamos la informaci\u00f3n que recopilamos de varias formas, entre ellas para:<\/p>\n\n\n\n<ul class=\"wp-block-list\"><li>Proporcionar, operar y mantener nuestro sitio web<\/li><li>Mejorar, personalizar y ampliar nuestro sitio web<\/li><li>Comprender y analizar c\u00f3mo utilizas nuestro sitio web<\/li><li>Desarrollar nuevos productos, servicios, caracter\u00edsticas y funcionalidades<\/li><li>Comunicarnos contigo, ya sea directamente o a trav\u00e9s de uno de nuestros socios, incluso para el servicio de atenci\u00f3n al cliente, para proporcionarte actualizaciones y otra informaci\u00f3n relacionada con el sitio web, y con fines de marketing y promoci\u00f3n<\/li><li>Enviarte correos electr\u00f3nicos<\/li><li>Detectar y prevenir el fraude<\/li><\/ul>\n\n\n\n<h2 class=\"wp-block-heading\">Archivos de registro<\/h2>\n\n\n\n<p>La PIA sigue un procedimiento est\u00e1ndar de utilizaci\u00f3n de archivos de registro. Estos archivos registran a los visitantes cuando visitan los sitios web. Todas las empresas de alojamiento lo hacen y forma parte de las anal\u00edticas de los servicios de alojamiento. La informaci\u00f3n recogida por los archivos de registro incluye direcciones de protocolo de Internet (IP), tipo de navegador, proveedor de servicios de Internet (ISP), sello de fecha y hora, p\u00e1ginas de referencia\/salida y, posiblemente, el n\u00famero de clics. No est\u00e1n vinculadas a ninguna informaci\u00f3n que sea personalmente identificable. La finalidad de la informaci\u00f3n es analizar tendencias, administrar el sitio, seguir los movimientos de los usuarios en el sitio web y recopilar informaci\u00f3n demogr\u00e1fica.<\/p>\n\n\n\n<h2 class=\"wp-block-heading\">Cookies y balizas web<\/h2>\n\n\n\n<p>Como cualquier otro sitio web, PIA utiliza \u00abcookies\u00bb. Estas cookies se utilizan para almacenar informaci\u00f3n, incluidas las preferencias de los visitantes y las p\u00e1ginas del sitio web a las que el visitante accedi\u00f3 o visit\u00f3. La informaci\u00f3n se utiliza para optimizar la experiencia de los usuarios personalizando el contenido de nuestra p\u00e1gina web en funci\u00f3n del tipo de navegador de los visitantes y\/u otra informaci\u00f3n.<\/p>\n\n\n\n<p>Para obtener m\u00e1s informaci\u00f3n general sobre las cookies, lee el <a href=\"https:\/\/www.generateprivacypolicy.com\/#cookies\" rel=\"nofollow noopener\" target=\"_blank\"> art\u00edculo \u00abCookies\u00bb del Generador de pol\u00edtica de privacidad<\/a>.<\/p>\n\n\n\n<h2 class=\"wp-block-heading\">Socios publicitarios Pol\u00edticas de privacidad<\/h2>\n\n\n\n<p>Puedes consultar esta lista para encontrar la Pol\u00edtica de Privacidad de cada uno de los socios publicitarios de PIA.<\/p>\n\n\n\n<p>Los servidores o redes publicitarias de terceros utilizan tecnolog\u00edas como cookies, JavaScript o Web Beacons que se utilizan en sus respectivos anuncios y enlaces que aparecen en PIA, y que se env\u00edan directamente al navegador de los usuarios. Cuando esto ocurre, reciben autom\u00e1ticamente tu direcci\u00f3n IP. Estas tecnolog\u00edas se utilizan para medir la eficacia de sus campa\u00f1as publicitarias y\/o para personalizar el contenido publicitario que ves en los sitios web que visitas.<\/p>\n\n\n\n<p>Ten en cuenta que PIA no tiene acceso ni control sobre estas cookies utilizadas por terceros anunciantes.<\/p>\n\n\n\n<h2 class=\"wp-block-heading\">Pol\u00edticas de privacidad de terceros<\/h2>\n\n\n\n<p>La Pol\u00edtica de Privacidad de PIA no se aplica a otros anunciantes o sitios web. Por ello, te aconsejamos que consultes las respectivas Pol\u00edticas de Privacidad de estos servidores de anuncios de terceros para obtener informaci\u00f3n m\u00e1s detallada. Puede incluir sus pr\u00e1cticas e instrucciones sobre c\u00f3mo rechazar determinadas opciones.<\/p>\n\n\n\n<p>Puedes elegir desactivar las cookies a trav\u00e9s de las opciones individuales de tu navegador. Para conocer informaci\u00f3n m\u00e1s detallada sobre la gesti\u00f3n de cookies con navegadores web espec\u00edficos, puedes encontrarla en los sitios web respectivos de los navegadores.<\/p>\n\n\n\n<h2 class=\"wp-block-heading\">Derechos de privacidad de la CCPA (No vender mis datos personales)<\/h2>\n\n\n\n<p>En virtud de la CCPA, entre otros derechos, los consumidores de California tienen derecho a:<\/p>\n\n\n\n<p>Solicitar que una empresa que recopila datos personales de un consumidor revele las categor\u00edas y los datos personales espec\u00edficos que ha recopilado sobre los consumidores.<\/p>\n\n\n\n<p>Solicitar que una empresa elimine cualquier dato personal sobre el consumidor que haya recopilado.<\/p>\n\n\n\n<p>Solicitar que una empresa que vende los datos personales de un consumidor, no venda los datos personales del consumidor.<\/p>\n\n\n\n<p>Si presentas una solicitud, tenemos un mes para responderte. Si quieres ejercer alguno de estos derechos, ponte en contacto con nosotros.<\/p>\n\n\n\n<h2 class=\"wp-block-heading\">Derechos de protecci\u00f3n de datos GDPR<\/h2>\n\n\n\n<p>Nos gustar\u00eda asegurarnos de que eres plenamente consciente de todos tus derechos en materia de protecci\u00f3n de datos. Todo usuario tiene derecho a lo siguiente<\/p>\n\n\n\n<p>Derecho de acceso &#8211; Tienes derecho a solicitar copias de tus datos personales. Podemos cobrarte una peque\u00f1a tarifa por este servicio.<\/p>\n\n\n\n<p>Derecho de rectificaci\u00f3n &#8211; Tienes derecho a solicitar que corrijamos cualquier informaci\u00f3n que consideres inexacta. Tambi\u00e9n tienes derecho a solicitar que completemos la informaci\u00f3n que consideres incompleta.<\/p>\n\n\n\n<p>Derecho de supresi\u00f3n &#8211; Tienes derecho a solicitar que borremos tus datos personales, en determinadas condiciones.<\/p>\n\n\n\n<p>Derecho a restringir el tratamiento &#8211; Tienes derecho a solicitar que restrinjamos el tratamiento de tus datos personales, en determinadas condiciones.<\/p>\n\n\n\n<p>Derecho a oponerte al tratamiento &#8211; Tienes derecho a oponerte a que tratemos tus datos personales, en determinadas condiciones.<\/p>\n\n\n\n<p>Derecho a la portabilidad de los datos &#8211; Tienes derecho a solicitar que transfiramos los datos que hemos recopilado a otra organizaci\u00f3n, o directamente a ti, en determinadas condiciones.<\/p>\n\n\n\n<p>Si presentas una solicitud, tenemos un mes para responderte. Si quieres ejercer alguno de estos derechos, ponte en contacto con nosotros.<\/p>\n\n\n\n<h2 class=\"wp-block-heading\">Informaci\u00f3n para ni\u00f1os<\/h2>\n\n\n\n<p>Otra parte de nuestra prioridad es a\u00f1adir protecci\u00f3n para los ni\u00f1os mientras utilizan Internet. Animamos a los padres y tutores a que observen, participen y\/o supervisen y gu\u00eden su actividad en Internet.<\/p>\n\n\n\n<p>PIA no recopila conscientemente ninguna Informaci\u00f3n de Identificaci\u00f3n Personal de ni\u00f1os menores de 13 a\u00f1os. Si crees que tu hijo proporcion\u00f3 este tipo de informaci\u00f3n en nuestro sitio web, te animamos encarecidamente a que te pongas en contacto con nosotros inmediatamente y haremos todo lo posible para eliminar r\u00e1pidamente dicha informaci\u00f3n de nuestros registros.<\/p>\n<\/div><\/div>\n<\/div><\/div><\/div>\n","protected":false},"excerpt":{"rendered":"<p>Pol\u00edtica de Privacidad En PIA, accesible desde https:\/\/www.pia-institute.com\/, una de nuestras principales prioridades es la privacidad de nuestros visitantes. Este documento de Pol\u00edtica de Privacidad contiene los tipos de informaci\u00f3n que recoge y registra PIA y c\u00f3mo la utilizamos. Si tienes m\u00e1s preguntas o necesitas m\u00e1s informaci\u00f3n sobre nuestra Pol\u00edtica de Privacidad, no dudes en&#8230;<\/p>\n","protected":false},"author":1,"featured_media":0,"parent":0,"menu_order":0,"comment_status":"closed","ping_status":"closed","template":"","meta":{"_acf_changed":false,"_surecart_dashboard_logo_width":"180px","_surecart_dashboard_show_logo":true,"_surecart_dashboard_navigation_orders":true,"_surecart_dashboard_navigation_invoices":true,"_surecart_dashboard_navigation_subscriptions":true,"_surecart_dashboard_navigation_downloads":true,"_surecart_dashboard_navigation_billing":true,"_surecart_dashboard_navigation_account":true,"inline_featured_image":false,"_kad_blocks_custom_css":"","_kad_blocks_head_custom_js":"","_kad_blocks_body_custom_js":"","_kad_blocks_footer_custom_js":"","_kad_post_transparent":"","_kad_post_title":"","_kad_post_layout":"","_kad_post_sidebar_id":"","_kad_post_content_style":"","_kad_post_vertical_padding":"","_kad_post_feature":"","_kad_post_feature_position":"","_kad_post_header":false,"_kad_post_footer":false,"_kad_post_classname":"","footnotes":""},"class_list":["post-13231","page","type-page","status-publish","hentry"],"acf":[],"taxonomy_info":[],"featured_image_src_large":false,"author_info":{"display_name":"","author_link":"https:\/\/www.pia-institute.com\/es\/author\/"},"comment_info":0,"_links":{"self":[{"href":"https:\/\/www.pia-institute.com\/es\/wp-json\/wp\/v2\/pages\/13231","targetHints":{"allow":["GET"]}}],"collection":[{"href":"https:\/\/www.pia-institute.com\/es\/wp-json\/wp\/v2\/pages"}],"about":[{"href":"https:\/\/www.pia-institute.com\/es\/wp-json\/wp\/v2\/types\/page"}],"author":[{"embeddable":true,"href":"https:\/\/www.pia-institute.com\/es\/wp-json\/wp\/v2\/users\/1"}],"replies":[{"embeddable":true,"href":"https:\/\/www.pia-institute.com\/es\/wp-json\/wp\/v2\/comments?post=13231"}],"version-history":[{"count":0,"href":"https:\/\/www.pia-institute.com\/es\/wp-json\/wp\/v2\/pages\/13231\/revisions"}],"wp:attachment":[{"href":"https:\/\/www.pia-institute.com\/es\/wp-json\/wp\/v2\/media?parent=13231"}],"curies":[{"name":"wp","href":"https:\/\/api.w.org\/{rel}","templated":true}]}}